{"id":45,"date":"2024-10-27T22:43:34","date_gmt":"2024-10-27T22:43:34","guid":{"rendered":"https:\/\/fabis-bw.de\/kit\/?page_id=45"},"modified":"2025-01-27T21:02:18","modified_gmt":"2025-01-27T20:02:18","slug":"kurse","status":"publish","type":"page","link":"https:\/\/fabis-bw.de\/kit\/","title":{"rendered":"Kurse"},"content":{"rendered":"\n<div class=\"wp-block-group is-layout-flow wp-container-core-group-is-layout-1 wp-block-group-is-layout-flow\" style=\"margin-top:0;margin-bottom:0\">\n<h2 class=\"wp-block-heading alignfull has-text-align-center has-deep-blue-color has-light-orange-background-color has-text-color has-background has-link-color has-bree-serif-font-family wp-elements-10eac81a7d519ecc48e2e2c002277f5c\" style=\"margin-top:0;margin-right:0;margin-bottom:0;margin-left:0;padding-top:var(--wp--preset--spacing--15);padding-right:0;padding-bottom:var(--wp--preset--spacing--15);padding-left:0\">Unser Bildungsangebot:<\/h2>\n<\/div>\n\n\n\n<div style=\"margin-top:0;margin-bottom:0;height:var(--wp--preset--spacing--55)\" aria-hidden=\"true\" class=\"wp-block-spacer\"><\/div>\n\n\n\n<div class=\"wp-block-group has-global-padding is-layout-constrained wp-container-core-group-is-layout-4 wp-block-group-is-layout-constrained\" style=\"margin-top:0;margin-bottom:0;padding-top:0;padding-right:var(--wp--preset--spacing--55);padding-bottom:0;padding-left:var(--wp--preset--spacing--55)\">\n<div class=\"wp-block-group has-light-grey-color has-deep-blue-background-color has-text-color has-background has-link-color wp-elements-7cb3406fb8eac64555a55649ec8866c6 has-global-padding is-layout-constrained wp-container-core-group-is-layout-3 wp-block-group-is-layout-constrained\" style=\"border-style:none;border-width:0px;border-radius:1.2rem;margin-top:0;margin-bottom:0;padding-top:var(--wp--preset--spacing--15);padding-right:var(--wp--preset--spacing--15);padding-bottom:var(--wp--preset--spacing--15);padding-left:var(--wp--preset--spacing--15);background-position:56.00000000000001% 79%;background-size:cover;\">\n<h2 class=\"wp-block-heading has-text-align-center has-light-grey-color has-text-color has-link-color wp-elements-6bf1fa44b302d20dee959f128685dc59\" style=\"padding-top:var(--wp--preset--spacing--25)\">Herzlich Willkommen!<\/h2>\n\n\n\n<p class=\"has-text-align-center has-light-grey-color has-text-color has-link-color has-kit-text-sans-font-family wp-elements-d8f5b446e5aa2d2e17597f517e44e9ac\" style=\"margin-top:0;margin-right:var(--wp--preset--spacing--50);margin-bottom:0;margin-left:var(--wp--preset--spacing--50);padding-top:var(--wp--preset--spacing--15);padding-right:var(--wp--preset--spacing--45);padding-bottom:var(--wp--preset--spacing--25);padding-left:var(--wp--preset--spacing--45);font-size:clamp(0.875em, 0.875rem + ((1vw - 0.3em) * 0.675), 1.2em);font-weight:300\">Das<strong> <\/strong>Familienzentrum <strong>KIT (<mark style=\"background-color:rgba(0, 0, 0, 0)\" class=\"has-inline-color has-primary-orange-color\"> Kreativit\u00e4t<\/mark>, <mark style=\"background-color:rgba(0, 0, 0, 0)\" class=\"has-inline-color has-primary-yellow-color\">Individualit\u00e4t<\/mark>, <mark style=\"background-color:rgba(0, 0, 0, 0)\" class=\"has-inline-color has-primary-green-color\">Toleranz<\/mark> )<\/strong> bietet au\u00dferschulische Bildungs- und Kreativangebote an. Wir legen gro\u00dfen Wert darauf, unsere Sch\u00fclerinnen und Sch\u00fcler individuell zu f\u00f6rdern sowie auf die Professionalit\u00e4t der Lehrkr\u00e4fte.<\/p>\n\n\n\n<div class=\"wp-block-group hide_on_mobile is-content-justification-center is-nowrap is-layout-flex wp-container-core-group-is-layout-2 wp-block-group-is-layout-flex\" style=\"margin-top:var(--wp--preset--spacing--15);margin-bottom:var(--wp--preset--spacing--15);padding-bottom:var(--wp--preset--spacing--25)\">\n<figure class=\"wp-block-image size-full is-resized hover_tile\"><a href=\"https:\/\/www.facebook.com\/familienzentrum.kit\/\"><img loading=\"lazy\" decoding=\"async\" width=\"100\" height=\"100\" src=\"https:\/\/fabis-bw.de\/kit\/wp-content\/uploads\/sites\/2\/2024\/10\/Facebook.webp\" alt=\"\" class=\"wp-image-188\" style=\"width:35px\"\/><\/a><\/figure>\n\n\n\n<figure class=\"wp-block-image size-full is-resized hover_tile\"><a href=\"https:\/\/www.instagram.com\/familienzentrum.kit\/#\"><img loading=\"lazy\" decoding=\"async\" width=\"100\" height=\"100\" src=\"https:\/\/fabis-bw.de\/kit\/wp-content\/uploads\/sites\/2\/2024\/10\/Instagram.webp\" alt=\"\" class=\"wp-image-189\" style=\"width:35px\"\/><\/a><\/figure>\n\n\n\n<figure class=\"wp-block-image size-full is-resized hover_tile\"><a href=\"https:\/\/t.me\/zentrumkit\"><img loading=\"lazy\" decoding=\"async\" width=\"100\" height=\"100\" src=\"https:\/\/fabis-bw.de\/kit\/wp-content\/uploads\/sites\/2\/2024\/12\/Telegram.webp\" alt=\"\" class=\"wp-image-2321\" style=\"width:35px\"\/><\/a><\/figure>\n<\/div>\n<\/div>\n<\/div>\n\n\n\n<div style=\"margin-top:0;margin-bottom:0;height:var(--wp--preset--spacing--55)\" aria-hidden=\"true\" class=\"wp-block-spacer\"><\/div>\n\n\n\n<div class=\"wp-block-group alignwide has-global-padding is-layout-constrained wp-container-core-group-is-layout-11 wp-block-group-is-layout-constrained\" id=\"uebersicht\" style=\"padding-right:var(--wp--preset--spacing--45);padding-left:var(--wp--preset--spacing--45)\">\n<main class=\"wp-block-query post_query has-global-padding is-layout-constrained wp-block-query-is-layout-constrained\"><ul class=\"columns-3 alignfull wp-block-post-template is-layout-grid wp-container-core-post-template-is-layout-1 wp-block-post-template-is-layout-grid\"><li class=\"wp-block-post post-72 bildungsangebot type-bildungsangebot status-publish has-post-thumbnail hentry\">\n\n<div class=\"wp-block-group is-layout-flow wp-block-group-is-layout-flow\" style=\"padding-top:var(--wp--preset--spacing--45);padding-right:var(--wp--preset--spacing--45);padding-bottom:var(--wp--preset--spacing--45);padding-left:var(--wp--preset--spacing--45)\">\n<div class=\"wp-block-cover is-light cover hover_tile has-aspect-ratio\" style=\"border-radius:1.2rem;padding-top:0;padding-right:0;padding-bottom:0;padding-left:0;box-shadow:var(--wp--preset--shadow--natural);aspect-ratio:1;min-height:unset;\"><span aria-hidden=\"true\" class=\"wp-block-cover__background has-background-dim-0 has-background-dim\" style=\"background-color:#8b8372\"><\/span><img loading=\"lazy\" decoding=\"async\" width=\"400\" height=\"400\" src=\"https:\/\/fabis-bw.de\/kit\/wp-content\/uploads\/sites\/2\/2024\/11\/KIT_Bildungsangebot_Kachel_Kunst_Design_400x400.webp\" class=\"wp-block-cover__image-background wp-post-image\" alt=\"\" data-object-fit=\"cover\" srcset=\"https:\/\/fabis-bw.de\/kit\/wp-content\/uploads\/sites\/2\/2024\/11\/KIT_Bildungsangebot_Kachel_Kunst_Design_400x400.webp 400w, https:\/\/fabis-bw.de\/kit\/wp-content\/uploads\/sites\/2\/2024\/11\/KIT_Bildungsangebot_Kachel_Kunst_Design_400x400-300x300.webp 300w, https:\/\/fabis-bw.de\/kit\/wp-content\/uploads\/sites\/2\/2024\/11\/KIT_Bildungsangebot_Kachel_Kunst_Design_400x400-150x150.webp 150w\" sizes=\"auto, (max-width: 400px) 100vw, 400px\" \/><div class=\"wp-block-cover__inner-container has-global-padding is-layout-constrained wp-container-core-cover-is-layout-1 wp-block-cover-is-layout-constrained\">\n<div class=\"wp-block-buttons invis_button is-layout-flex wp-block-buttons-is-layout-flex\">\n<div class=\"wp-block-button\"><a href=\"https:\/\/fabis-bw.de\/kit\/lernfeld\/design-kunst\/\" class=\"wp-block-button__link wp-element-button\">button<\/a><\/div>\n<\/div>\n<\/div><\/div>\n<\/div>\n\n<\/li><li class=\"wp-block-post post-217 bildungsangebot type-bildungsangebot status-publish has-post-thumbnail hentry\">\n\n<div class=\"wp-block-group is-layout-flow wp-block-group-is-layout-flow\" style=\"padding-top:var(--wp--preset--spacing--45);padding-right:var(--wp--preset--spacing--45);padding-bottom:var(--wp--preset--spacing--45);padding-left:var(--wp--preset--spacing--45)\">\n<div class=\"wp-block-cover is-light cover hover_tile has-aspect-ratio\" style=\"border-radius:1.2rem;padding-top:0;padding-right:0;padding-bottom:0;padding-left:0;box-shadow:var(--wp--preset--shadow--natural);aspect-ratio:1;min-height:unset;\"><span aria-hidden=\"true\" class=\"wp-block-cover__background has-background-dim-0 has-background-dim\" style=\"background-color:#8b8372\"><\/span><img loading=\"lazy\" decoding=\"async\" width=\"400\" height=\"400\" src=\"https:\/\/fabis-bw.de\/kit\/wp-content\/uploads\/sites\/2\/2024\/10\/KIT_Bildungsangebot_Sprache_400x400.webp\" class=\"wp-block-cover__image-background wp-post-image\" alt=\"\" data-object-fit=\"cover\" srcset=\"https:\/\/fabis-bw.de\/kit\/wp-content\/uploads\/sites\/2\/2024\/10\/KIT_Bildungsangebot_Sprache_400x400.webp 400w, https:\/\/fabis-bw.de\/kit\/wp-content\/uploads\/sites\/2\/2024\/10\/KIT_Bildungsangebot_Sprache_400x400-300x300.webp 300w, https:\/\/fabis-bw.de\/kit\/wp-content\/uploads\/sites\/2\/2024\/10\/KIT_Bildungsangebot_Sprache_400x400-150x150.webp 150w\" sizes=\"auto, (max-width: 400px) 100vw, 400px\" \/><div class=\"wp-block-cover__inner-container has-global-padding is-layout-constrained wp-container-core-cover-is-layout-2 wp-block-cover-is-layout-constrained\">\n<div class=\"wp-block-buttons invis_button is-layout-flex wp-block-buttons-is-layout-flex\">\n<div class=\"wp-block-button\"><a href=\"https:\/\/fabis-bw.de\/kit\/lernfeld\/sprache\/\" class=\"wp-block-button__link wp-element-button\">button<\/a><\/div>\n<\/div>\n<\/div><\/div>\n<\/div>\n\n<\/li><li class=\"wp-block-post post-82 bildungsangebot type-bildungsangebot status-publish has-post-thumbnail hentry\">\n\n<div class=\"wp-block-group is-layout-flow wp-block-group-is-layout-flow\" style=\"padding-top:var(--wp--preset--spacing--45);padding-right:var(--wp--preset--spacing--45);padding-bottom:var(--wp--preset--spacing--45);padding-left:var(--wp--preset--spacing--45)\">\n<div class=\"wp-block-cover is-light cover hover_tile has-aspect-ratio\" style=\"border-radius:1.2rem;padding-top:0;padding-right:0;padding-bottom:0;padding-left:0;box-shadow:var(--wp--preset--shadow--natural);aspect-ratio:1;min-height:unset;\"><span aria-hidden=\"true\" class=\"wp-block-cover__background has-background-dim-0 has-background-dim\" style=\"background-color:#8b8372\"><\/span><img loading=\"lazy\" decoding=\"async\" width=\"400\" height=\"400\" src=\"https:\/\/fabis-bw.de\/kit\/wp-content\/uploads\/sites\/2\/2024\/11\/KIT_Bildungsangebot_Vorschule_400x400.webp\" class=\"wp-block-cover__image-background wp-post-image\" alt=\"\" data-object-fit=\"cover\" srcset=\"https:\/\/fabis-bw.de\/kit\/wp-content\/uploads\/sites\/2\/2024\/11\/KIT_Bildungsangebot_Vorschule_400x400.webp 400w, https:\/\/fabis-bw.de\/kit\/wp-content\/uploads\/sites\/2\/2024\/11\/KIT_Bildungsangebot_Vorschule_400x400-300x300.webp 300w, https:\/\/fabis-bw.de\/kit\/wp-content\/uploads\/sites\/2\/2024\/11\/KIT_Bildungsangebot_Vorschule_400x400-150x150.webp 150w\" sizes=\"auto, (max-width: 400px) 100vw, 400px\" \/><div class=\"wp-block-cover__inner-container has-global-padding is-layout-constrained wp-container-core-cover-is-layout-3 wp-block-cover-is-layout-constrained\">\n<div class=\"wp-block-buttons invis_button is-layout-flex wp-block-buttons-is-layout-flex\">\n<div class=\"wp-block-button\"><a href=\"https:\/\/fabis-bw.de\/kit\/lernfeld\/kleinkinder\/\" class=\"wp-block-button__link wp-element-button\">button<\/a><\/div>\n<\/div>\n<\/div><\/div>\n<\/div>\n\n<\/li><li class=\"wp-block-post post-83 bildungsangebot type-bildungsangebot status-publish has-post-thumbnail hentry\">\n\n<div class=\"wp-block-group is-layout-flow wp-block-group-is-layout-flow\" style=\"padding-top:var(--wp--preset--spacing--45);padding-right:var(--wp--preset--spacing--45);padding-bottom:var(--wp--preset--spacing--45);padding-left:var(--wp--preset--spacing--45)\">\n<div class=\"wp-block-cover is-light cover hover_tile has-aspect-ratio\" style=\"border-radius:1.2rem;padding-top:0;padding-right:0;padding-bottom:0;padding-left:0;box-shadow:var(--wp--preset--shadow--natural);aspect-ratio:1;min-height:unset;\"><span aria-hidden=\"true\" class=\"wp-block-cover__background has-background-dim-0 has-background-dim\" style=\"background-color:#8b8372\"><\/span><img loading=\"lazy\" decoding=\"async\" width=\"400\" height=\"400\" src=\"https:\/\/fabis-bw.de\/kit\/wp-content\/uploads\/sites\/2\/2024\/10\/KIT_Bildungsangebot_Kachel_Schach_400x400.webp\" class=\"wp-block-cover__image-background wp-post-image\" alt=\"\" data-object-fit=\"cover\" srcset=\"https:\/\/fabis-bw.de\/kit\/wp-content\/uploads\/sites\/2\/2024\/10\/KIT_Bildungsangebot_Kachel_Schach_400x400.webp 400w, https:\/\/fabis-bw.de\/kit\/wp-content\/uploads\/sites\/2\/2024\/10\/KIT_Bildungsangebot_Kachel_Schach_400x400-300x300.webp 300w, https:\/\/fabis-bw.de\/kit\/wp-content\/uploads\/sites\/2\/2024\/10\/KIT_Bildungsangebot_Kachel_Schach_400x400-150x150.webp 150w\" sizes=\"auto, (max-width: 400px) 100vw, 400px\" \/><div class=\"wp-block-cover__inner-container has-global-padding is-layout-constrained wp-container-core-cover-is-layout-4 wp-block-cover-is-layout-constrained\">\n<div class=\"wp-block-buttons invis_button is-layout-flex wp-block-buttons-is-layout-flex\">\n<div class=\"wp-block-button\"><a href=\"https:\/\/fabis-bw.de\/kit\/lernfeld\/schach\/\" class=\"wp-block-button__link wp-element-button\">button<\/a><\/div>\n<\/div>\n<\/div><\/div>\n<\/div>\n\n<\/li><li class=\"wp-block-post post-81 bildungsangebot type-bildungsangebot status-publish has-post-thumbnail hentry\">\n\n<div class=\"wp-block-group is-layout-flow wp-block-group-is-layout-flow\" style=\"padding-top:var(--wp--preset--spacing--45);padding-right:var(--wp--preset--spacing--45);padding-bottom:var(--wp--preset--spacing--45);padding-left:var(--wp--preset--spacing--45)\">\n<div class=\"wp-block-cover is-light cover hover_tile has-aspect-ratio\" style=\"border-radius:1.2rem;padding-top:0;padding-right:0;padding-bottom:0;padding-left:0;box-shadow:var(--wp--preset--shadow--natural);aspect-ratio:1;min-height:unset;\"><span aria-hidden=\"true\" class=\"wp-block-cover__background has-background-dim-0 has-background-dim\" style=\"background-color:#8b8372\"><\/span><img loading=\"lazy\" decoding=\"async\" width=\"400\" height=\"400\" src=\"https:\/\/fabis-bw.de\/kit\/wp-content\/uploads\/sites\/2\/2024\/10\/KIT_Bildungsangebot_Theater_400x400.webp\" class=\"wp-block-cover__image-background wp-post-image\" alt=\"\" data-object-fit=\"cover\" srcset=\"https:\/\/fabis-bw.de\/kit\/wp-content\/uploads\/sites\/2\/2024\/10\/KIT_Bildungsangebot_Theater_400x400.webp 400w, https:\/\/fabis-bw.de\/kit\/wp-content\/uploads\/sites\/2\/2024\/10\/KIT_Bildungsangebot_Theater_400x400-300x300.webp 300w, https:\/\/fabis-bw.de\/kit\/wp-content\/uploads\/sites\/2\/2024\/10\/KIT_Bildungsangebot_Theater_400x400-150x150.webp 150w\" sizes=\"auto, (max-width: 400px) 100vw, 400px\" \/><div class=\"wp-block-cover__inner-container has-global-padding is-layout-constrained wp-container-core-cover-is-layout-5 wp-block-cover-is-layout-constrained\">\n<div class=\"wp-block-buttons invis_button is-layout-flex wp-block-buttons-is-layout-flex\">\n<div class=\"wp-block-button\"><a href=\"https:\/\/fabis-bw.de\/kit\/lernfeld\/theater\/\" class=\"wp-block-button__link wp-element-button\">button<\/a><\/div>\n<\/div>\n<\/div><\/div>\n<\/div>\n\n<\/li><li class=\"wp-block-post post-1433 bildungsangebot type-bildungsangebot status-publish has-post-thumbnail hentry\">\n\n<div class=\"wp-block-group is-layout-flow wp-block-group-is-layout-flow\" style=\"padding-top:var(--wp--preset--spacing--45);padding-right:var(--wp--preset--spacing--45);padding-bottom:var(--wp--preset--spacing--45);padding-left:var(--wp--preset--spacing--45)\">\n<div class=\"wp-block-cover is-light cover hover_tile has-aspect-ratio\" style=\"border-radius:1.2rem;padding-top:0;padding-right:0;padding-bottom:0;padding-left:0;box-shadow:var(--wp--preset--shadow--natural);aspect-ratio:1;min-height:unset;\"><span aria-hidden=\"true\" class=\"wp-block-cover__background has-background-dim-0 has-background-dim\" style=\"background-color:#8b8372\"><\/span><img loading=\"lazy\" decoding=\"async\" width=\"400\" height=\"400\" src=\"https:\/\/fabis-bw.de\/kit\/wp-content\/uploads\/sites\/2\/2024\/10\/KIT_Bildungsangebot_Kachel_IT_400x400.webp\" class=\"wp-block-cover__image-background wp-post-image\" alt=\"\" data-object-fit=\"cover\" srcset=\"https:\/\/fabis-bw.de\/kit\/wp-content\/uploads\/sites\/2\/2024\/10\/KIT_Bildungsangebot_Kachel_IT_400x400.webp 400w, https:\/\/fabis-bw.de\/kit\/wp-content\/uploads\/sites\/2\/2024\/10\/KIT_Bildungsangebot_Kachel_IT_400x400-300x300.webp 300w, https:\/\/fabis-bw.de\/kit\/wp-content\/uploads\/sites\/2\/2024\/10\/KIT_Bildungsangebot_Kachel_IT_400x400-150x150.webp 150w\" sizes=\"auto, (max-width: 400px) 100vw, 400px\" \/><div class=\"wp-block-cover__inner-container has-global-padding is-layout-constrained wp-container-core-cover-is-layout-6 wp-block-cover-is-layout-constrained\">\n<div class=\"wp-block-buttons invis_button is-layout-flex wp-block-buttons-is-layout-flex\">\n<div class=\"wp-block-button\"><a href=\"https:\/\/fabis-bw.de\/kit\/lernfeld\/it\/\" class=\"wp-block-button__link wp-element-button\">button<\/a><\/div>\n<\/div>\n<\/div><\/div>\n<\/div>\n\n<\/li><\/ul><\/main>\n<\/div>\n\n\n\n<div style=\"margin-top:0;margin-bottom:0;height:var(--wp--preset--spacing--55)\" aria-hidden=\"true\" class=\"wp-block-spacer\"><\/div>\n","protected":false},"excerpt":{"rendered":"<p>Unser Bildungsangebot: Herzlich Willkommen! Das Familienzentrum KIT ( Kreativit\u00e4t, Individualit\u00e4t, Toleranz ) bietet au\u00dferschulische Bildungs- und Kreativangebote an. Wir legen gro\u00dfen Wert darauf, unsere Sch\u00fclerinnen und Sch\u00fcler individuell zu f\u00f6rdern sowie auf die Professionalit\u00e4t der Lehrkr\u00e4fte.<\/p>\n","protected":false},"author":1,"featured_media":0,"parent":0,"menu_order":0,"comment_status":"closed","ping_status":"closed","template":"","meta":{"footnotes":""},"class_list":["post-45","page","type-page","status-publish","hentry"],"_links":{"self":[{"href":"https:\/\/fabis-bw.de\/kit\/wp-json\/wp\/v2\/pages\/45","targetHints":{"allow":["GET"]}}],"collection":[{"href":"https:\/\/fabis-bw.de\/kit\/wp-json\/wp\/v2\/pages"}],"about":[{"href":"https:\/\/fabis-bw.de\/kit\/wp-json\/wp\/v2\/types\/page"}],"author":[{"embeddable":true,"href":"https:\/\/fabis-bw.de\/kit\/wp-json\/wp\/v2\/users\/1"}],"replies":[{"embeddable":true,"href":"https:\/\/fabis-bw.de\/kit\/wp-json\/wp\/v2\/comments?post=45"}],"version-history":[{"count":134,"href":"https:\/\/fabis-bw.de\/kit\/wp-json\/wp\/v2\/pages\/45\/revisions"}],"predecessor-version":[{"id":2951,"href":"https:\/\/fabis-bw.de\/kit\/wp-json\/wp\/v2\/pages\/45\/revisions\/2951"}],"wp:attachment":[{"href":"https:\/\/fabis-bw.de\/kit\/wp-json\/wp\/v2\/media?parent=45"}],"curies":[{"name":"wp","href":"https:\/\/api.w.org\/{rel}","templated":true}]}}